{"id":210,"date":"2023-02-22T18:07:24","date_gmt":"2023-02-22T18:07:24","guid":{"rendered":"https:\/\/centralpump.com.ar\/home\/?page_id=210"},"modified":"2023-03-07T19:12:06","modified_gmt":"2023-03-07T19:12:06","slug":"valvula-de-vapor","status":"publish","type":"page","link":"https:\/\/centralpump.com.ar\/home\/valvula-de-vapor\/","title":{"rendered":"V\u00e1lvula de vapor"},"content":{"rendered":"\n\t<section class=\"section dark has-parallax\" id=\"section_1752675343\">\n\t\t<div class=\"bg section-bg fill bg-fill  \" data-parallax-container=\".section\" data-parallax-background data-parallax=\"-6\">\n\n\t\t\t\n\t\t\t<div class=\"section-bg-overlay absolute fill\"><\/div>\n\t\t\t\n\n\t\t<\/div>\n\n\t\t<div class=\"section-content relative\">\n\t\t\t\n\n<div class=\"row\"  id=\"row-404725840\">\n\n\n\t<div id=\"col-2044955246\" class=\"col small-12 large-12\"  data-animate=\"bounceInUp\">\n\t\t\t\t<div class=\"col-inner text-center\"  >\n\t\t\t\n\t\t\t\n\n<h2 style=\"font-size: 300%;\">V\u00e1lvula de vapor<\/h2>\n<p><span style=\"font-size: 120%;\">Servicios industriales<\/span><\/p>\n\n\t\t<\/div>\n\t\t\t\t\n<style>\n#col-2044955246 > .col-inner {\n  padding: 20px 0px 0px 0px;\n}\n<\/style>\n\t<\/div>\n\n\t\n\n<\/div>\n\n\t\t<\/div>\n\n\t\t\n<style>\n#section_1752675343 {\n  padding-top: 75px;\n  padding-bottom: 75px;\n  background-color: rgb(255,255,255);\n}\n#section_1752675343 .section-bg-overlay {\n  background-color: rgba(0, 0, 0, 0.3);\n}\n#section_1752675343 .section-bg.bg-loaded {\n  background-image: url(https:\/\/centralpump.com.ar\/home\/wp-content\/uploads\/img-2.jpg);\n}\n#section_1752675343 .section-bg {\n  background-position: 61% 60%;\n}\n@media (min-width:550px) {\n  #section_1752675343 {\n    padding-top: 140px;\n    padding-bottom: 140px;\n  }\n}\n<\/style>\n\t<\/section>\n\t\n\t<section class=\"section\" id=\"section_367741928\">\n\t\t<div class=\"bg section-bg fill bg-fill  bg-loaded\" >\n\n\t\t\t\n\t\t\t\n\t\t\t\n\n\t\t<\/div>\n\n\t\t<div class=\"section-content relative\">\n\t\t\t\n\n<div class=\"row\"  id=\"row-2054257191\">\n\n\n\t<div id=\"col-401987090\" class=\"col small-12 large-12\"  >\n\t\t\t\t<div class=\"col-inner\"  >\n\t\t\t\n\t\t\t\n\n<div class=\"row align-equal\"  id=\"row-1012285591\">\n\n\n\t<div id=\"col-1116130203\" class=\"col small-12 large-12\"  data-animate=\"bounceInUp\">\n\t\t\t\t<div class=\"col-inner text-center\"  >\n\t\t\t\n\t\t\t\n\n\t<div class=\"img has-hover x md-x lg-x y md-y lg-y\" id=\"image_533237857\">\n\t\t\t\t\t\t\t\t<div class=\"img-inner dark\" >\n\t\t\t\t\t\t\t\t\t\n\t\t\t\t\t<\/div>\n\t\t\t\t\t\t\t\t\n<style>\n#image_533237857 {\n  width: 100%;\n}\n@media (min-width:550px) {\n  #image_533237857 {\n    width: 48%;\n  }\n}\n<\/style>\n\t<\/div>\n\t\n\n<div class=\"row\"  id=\"row-130901390\">\n\n\n\t<div id=\"col-824044501\" class=\"col medium-6 small-12 large-6\"  >\n\t\t\t\t<div class=\"col-inner\"  >\n\t\t\t\n\t\t\t\n\n\t<div id=\"text-2113328788\" class=\"text\">\n\t\t\n\n<p style=\"text-align: left;\"><span style=\"font-size: 110%;\">Ofrecemos el servicio de reparaci\u00f3n integral de V\u00e1lvulas de Vapor (nacionales e importadas).<\/span><br \/><span style=\"font-size: 110%;\">Estas v\u00e1lvulas se colocan en las l\u00edneas o equipos para evitar un aumento excesivo de la presi\u00f3n o temperatura del fluido en ellos contenido.<\/span><\/p>\n<p style=\"text-align: left;\"><span style=\"font-size: 110%;\">Al abrir la v\u00e1lvula, el fluido descarga directamente a la atm\u00f3sfera (v\u00e1lvulas de escape libre), o a trav\u00e9s de una tuber\u00eda (v\u00e1lvulas de escape conducido).<\/span><br \/><span style=\"font-size: 110%;\">Para el trabajo adecuado de una v\u00e1lvula de seguridad, se recomienda que la presi\u00f3n de trabajo no exceda del 90% de la presi\u00f3n de apertura. En el caso de las l\u00edneas de descarga de bombas y compresores, debido a las pulsaciones de presi\u00f3n, hay que aumentar la diferencia entre ambas presiones, para evitar actuaciones err\u00f3neas.<\/span><\/p>\n<p style=\"text-align: left;\"><span style=\"font-size: 110%;\">La presi\u00f3n en la descarga de una v\u00e1lvula de seguridad puede ser constante (por ejemplo, cuando se descarga a la atm\u00f3sfera) o variable (debido a la salida del propio fluido, o a la presi\u00f3n ya existente en la l\u00ednea de descarga).<\/span><\/p>\n\t\t\n<style>\n#text-2113328788 {\n  font-size: 0.9rem;\n}\n<\/style>\n\t<\/div>\n\t\n\n\t\t<\/div>\n\t\t\t\t\t<\/div>\n\n\t\n\n\t<div id=\"col-63275750\" class=\"col medium-6 small-12 large-6\"  >\n\t\t\t\t<div class=\"col-inner\"  >\n\t\t\t\n\t\t\t\n\n\t<div class=\"img has-hover x md-x lg-x y md-y lg-y\" id=\"image_187157515\">\n\t\t\t\t\t\t\t\t<div class=\"img-inner dark\" >\n\t\t\t<img width=\"434\" height=\"468\" src=\"https:\/\/centralpump.com.ar\/home\/wp-content\/uploads\/Valvula-de-vapor.jpg\" class=\"attachment-large size-large\" alt=\"\" decoding=\"async\" loading=\"lazy\" srcset=\"https:\/\/centralpump.com.ar\/home\/wp-content\/uploads\/Valvula-de-vapor.jpg 434w, https:\/\/centralpump.com.ar\/home\/wp-content\/uploads\/Valvula-de-vapor-278x300.jpg 278w\" sizes=\"(max-width: 434px) 100vw, 434px\" \/>\t\t\t\t\t\t\n\t\t\t\t\t<\/div>\n\t\t\t\t\t\t\t\t\n<style>\n#image_187157515 {\n  width: 100%;\n}\n<\/style>\n\t<\/div>\n\t\n\n\n\t\t<\/div>\n\t\t\t\t\t<\/div>\n\n\t\n\n<\/div>\n\n\t\t<\/div>\n\t\t\t\t\n<style>\n#col-1116130203 > .col-inner {\n  border-radius: 5px;\n}\n<\/style>\n\t<\/div>\n\n\t\n\n\n<style>\n#row-1012285591 > .col > .col-inner {\n  padding: 40px 40px 40px 40px;\n  background-color: rgb(255,255,255);\n}\n<\/style>\n<\/div>\n\n\t\t<\/div>\n\t\t\t\t\n<style>\n#col-401987090 > .col-inner {\n  margin: -100px 0px 0px 0px;\n}\n<\/style>\n\t<\/div>\n\n\t\n\n<\/div>\n<div class=\"row\"  id=\"row-803321851\">\n\n\n\t<div id=\"col-588904404\" class=\"col small-12 large-12\"  data-animate=\"bounceInUp\">\n\t\t\t\t<div class=\"col-inner text-center\"  >\n\t\t\t\n\t\t\t\n\n<div class=\"social-icons follow-icons\" style=\"font-size:115%\"><a href=\"mailto:centralpump@centralpump.com.ar\" data-label=\"E-mail\" rel=\"nofollow\" class=\"icon button circle is-outline  email tooltip\" title=\"Env\u00edanos un email\" aria-label=\"Env\u00edanos un email\"><i class=\"icon-envelop\" ><\/i><\/a><a href=\"tel:+54 9 11 5308-9829\" target=\"_blank\" data-label=\"Phone\" rel=\"noopener noreferrer nofollow\" class=\"icon button circle is-outline  phone tooltip\" title=\"Call us\" aria-label=\"Call us\"><i class=\"icon-phone\" ><\/i><\/a><\/div>\n\n\n\t\t<\/div>\n\t\t\t\t\t<\/div>\n\n\t\n\n<\/div>\n\n\t\t<\/div>\n\n\t\t\n<style>\n#section_367741928 {\n  padding-top: 30px;\n  padding-bottom: 30px;\n  background-color: rgb(244, 244, 244);\n}\n<\/style>\n\t<\/section>\n\t\n\n","protected":false},"excerpt":{"rendered":"","protected":false},"author":1,"featured_media":0,"parent":0,"menu_order":0,"comment_status":"closed","ping_status":"closed","template":"page-blank.php","meta":{"_joinchat":[]},"_links":{"self":[{"href":"https:\/\/centralpump.com.ar\/home\/wp-json\/wp\/v2\/pages\/210"}],"collection":[{"href":"https:\/\/centralpump.com.ar\/home\/wp-json\/wp\/v2\/pages"}],"about":[{"href":"https:\/\/centralpump.com.ar\/home\/wp-json\/wp\/v2\/types\/page"}],"author":[{"embeddable":true,"href":"https:\/\/centralpump.com.ar\/home\/wp-json\/wp\/v2\/users\/1"}],"replies":[{"embeddable":true,"href":"https:\/\/centralpump.com.ar\/home\/wp-json\/wp\/v2\/comments?post=210"}],"version-history":[{"count":6,"href":"https:\/\/centralpump.com.ar\/home\/wp-json\/wp\/v2\/pages\/210\/revisions"}],"predecessor-version":[{"id":278,"href":"https:\/\/centralpump.com.ar\/home\/wp-json\/wp\/v2\/pages\/210\/revisions\/278"}],"wp:attachment":[{"href":"https:\/\/centralpump.com.ar\/home\/wp-json\/wp\/v2\/media?parent=210"}],"curies":[{"name":"wp","href":"https:\/\/api.w.org\/{rel}","templated":true}]}}