{"id":169,"date":"2023-02-22T16:52:37","date_gmt":"2023-02-22T16:52:37","guid":{"rendered":"https:\/\/centralpump.com.ar\/home\/?page_id=169"},"modified":"2023-03-07T19:09:21","modified_gmt":"2023-03-07T19:09:21","slug":"bombas","status":"publish","type":"page","link":"https:\/\/centralpump.com.ar\/home\/bombas\/","title":{"rendered":"Bombas"},"content":{"rendered":"\n\t<section class=\"section dark has-parallax\" id=\"section_516557045\">\n\t\t<div class=\"bg section-bg fill bg-fill  \" data-parallax-container=\".section\" data-parallax-background data-parallax=\"-6\">\n\n\t\t\t\n\t\t\t<div class=\"section-bg-overlay absolute fill\"><\/div>\n\t\t\t\n\n\t\t<\/div>\n\n\t\t<div class=\"section-content relative\">\n\t\t\t\n\n<div class=\"row\"  id=\"row-315310332\">\n\n\n\t<div id=\"col-1611027693\" class=\"col small-12 large-12\"  data-animate=\"bounceInUp\">\n\t\t\t\t<div class=\"col-inner text-center\"  >\n\t\t\t\n\t\t\t\n\n<h2 style=\"font-size: 300%;\">Bombas<\/h2>\n<p><span style=\"font-size: 120%;\">Servicios industriales &#8211; Reparaci\u00f3n y mantenimiento de bombas.<\/span><\/p>\n\n\t\t<\/div>\n\t\t\t\t\n<style>\n#col-1611027693 > .col-inner {\n  padding: 20px 0px 0px 0px;\n}\n<\/style>\n\t<\/div>\n\n\t\n\n<\/div>\n\n\t\t<\/div>\n\n\t\t\n<style>\n#section_516557045 {\n  padding-top: 75px;\n  padding-bottom: 75px;\n  background-color: rgb(255,255,255);\n}\n#section_516557045 .section-bg-overlay {\n  background-color: rgba(0, 0, 0, 0.3);\n}\n#section_516557045 .section-bg.bg-loaded {\n  background-image: url(https:\/\/centralpump.com.ar\/home\/wp-content\/uploads\/Img-empresa.jpg);\n}\n#section_516557045 .section-bg {\n  background-position: 59% 88%;\n}\n@media (min-width:550px) {\n  #section_516557045 {\n    padding-top: 140px;\n    padding-bottom: 140px;\n  }\n}\n<\/style>\n\t<\/section>\n\t\n\t<section class=\"section\" id=\"section_1778966396\">\n\t\t<div class=\"bg section-bg fill bg-fill  bg-loaded\" >\n\n\t\t\t\n\t\t\t\n\t\t\t\n\n\t\t<\/div>\n\n\t\t<div class=\"section-content relative\">\n\t\t\t\n\n<div class=\"row\"  id=\"row-742834495\">\n\n\n\t<div id=\"col-1401384792\" class=\"col small-12 large-12\"  >\n\t\t\t\t<div class=\"col-inner\"  >\n\t\t\t\n\t\t\t\n\n<div class=\"row align-equal\"  id=\"row-1834931790\">\n\n\n\t<div id=\"col-722293978\" class=\"col small-12 large-12\"  data-animate=\"bounceInUp\">\n\t\t\t\t<div class=\"col-inner text-center\"  >\n\t\t\t\n\t\t\t\n\n\t<div class=\"img has-hover x md-x lg-x y md-y lg-y\" id=\"image_348646261\">\n\t\t\t\t\t\t\t\t<div class=\"img-inner dark\" >\n\t\t\t\t\t\t\t\t\t\n\t\t\t\t\t<\/div>\n\t\t\t\t\t\t\t\t\n<style>\n#image_348646261 {\n  width: 100%;\n}\n@media (min-width:550px) {\n  #image_348646261 {\n    width: 48%;\n  }\n}\n<\/style>\n\t<\/div>\n\t\n\n\t<div id=\"text-206452239\" class=\"text\">\n\t\t\n\n<p style=\"text-align: left;\"><span style=\"font-size: 110%;\">Central Pump se especializa en el mantenimiento predictivo y preventivo programado para la realizaci\u00f3n, en tiempo y forma, de todas las reparaciones necesarias para garantizar la operaci\u00f3n m\u00e1s segura, econ\u00f3mica y eficiente de las bombas y equipos involucrados.<\/span><\/p>\n<p style=\"text-align: left;\"><span style=\"font-size: 110%;\">El mantenimiento predictivo es realizado \u201cin situ\u201d sobre las bombas en marcha con los instrumentos de an\u00e1lisis de vibraciones m\u00e1s modernos, los cuales permiten obtener un panorama claro del estado mec\u00e1nico de los equipos y de los componentes como, por ejemplo: rodamientos, cojinetes, ejes de accionamiento, balanceo din\u00e1mico, alineaci\u00f3n de ejes de bomba y motor, estados de bases, cavitaci\u00f3n, entre nuestro amplio poder.<\/span><\/p>\n<p style=\"text-align: left;\"><span style=\"font-size: 110%;\">Estos datos, sumados a los de temperatura de las distintas partes mec\u00e1nicas, medici\u00f3n de las variables el\u00e9ctricas en los motores de accionamiento e hidr\u00e1ulicas de las bombas, conjuntamente con la propia experiencia recogida sobre el funcionamiento de dispositivos de bombeo, permiten realizar diagn\u00f3sticos sobre el estado de funcionamiento y conservaci\u00f3n de los mismos y, en funci\u00f3n de ellos, realizar las reparaciones necesarias para garantizar su correcto funcionamiento sin necesidad de realizar paradas no programadas, siendo \u00e9ste el principal objetivo a cumplir.<\/span><\/p>\n<p style=\"text-align: left;\"><span style=\"font-size: 110%;\">A fin de incrementar la vida \u00fatil de los equipos incluidos en el mantenimiento, las reparaciones las realizamos utilizando los materiales m\u00e1s convenientes, as\u00ed como tambi\u00e9n la mano de obra m\u00e1s competente. De esta manera, lograremos que los equipos reparados trabajen en su mayor rendimiento.<\/span><\/p>\n<p style=\"text-align: left;\"><span style=\"font-size: 110%;\">Cabe aclarar que todos los repuestos necesarios para el mantenimiento de las bombas, inclusive ejes e impulsores, est\u00e1n incluidos en nuestros presupuestos.<\/span><\/p>\n\t\t\n<style>\n#text-206452239 {\n  font-size: 0.9rem;\n}\n<\/style>\n\t<\/div>\n\t\n\t<div id=\"gap-1689635231\" class=\"gap-element clearfix\" style=\"display:block; height:auto;\">\n\t\t\n<style>\n#gap-1689635231 {\n  padding-top: 1em;\n}\n<\/style>\n\t<\/div>\n\t\n\n<div class=\"row row-small row-full-width\"  id=\"row-834563290\">\n\n\n\t<div id=\"col-763058992\" class=\"col medium-3 small-12 large-3\"  data-animate=\"bounceInUp\">\n\t\t\t\t<div class=\"col-inner\"  >\n\t\t\t\n\t\t\t\n\n\t<div class=\"img has-hover x md-x lg-x y md-y lg-y\" id=\"image_1905554738\">\n\t\t\t\t\t\t\t\t<div class=\"img-inner image-cover dark\" style=\"padding-top:160px;\">\n\t\t\t<img width=\"960\" height=\"540\" src=\"https:\/\/centralpump.com.ar\/home\/wp-content\/uploads\/img-1.jpg\" class=\"attachment-original size-original\" alt=\"\" decoding=\"async\" loading=\"lazy\" srcset=\"https:\/\/centralpump.com.ar\/home\/wp-content\/uploads\/img-1.jpg 960w, https:\/\/centralpump.com.ar\/home\/wp-content\/uploads\/img-1-300x169.jpg 300w, https:\/\/centralpump.com.ar\/home\/wp-content\/uploads\/img-1-768x432.jpg 768w\" sizes=\"(max-width: 960px) 100vw, 960px\" \/>\t\t\t\t\t\t\n\t\t\t\t\t<\/div>\n\t\t\t\t\t\t\t\t\n<style>\n#image_1905554738 {\n  width: 100%;\n}\n<\/style>\n\t<\/div>\n\t\n\n\n\t\t<\/div>\n\t\t\t\t\t<\/div>\n\n\t\n\n\t<div id=\"col-752003991\" class=\"col medium-3 small-12 large-3\"  data-animate=\"bounceInUp\">\n\t\t\t\t<div class=\"col-inner\"  >\n\t\t\t\n\t\t\t\n\n\t<div class=\"img has-hover x md-x lg-x y md-y lg-y\" id=\"image_1237046287\">\n\t\t\t\t\t\t\t\t<div class=\"img-inner image-cover dark\" style=\"padding-top:160px;\">\n\t\t\t<img width=\"1600\" height=\"636\" src=\"https:\/\/centralpump.com.ar\/home\/wp-content\/uploads\/img-2.jpg\" class=\"attachment-original size-original\" alt=\"\" decoding=\"async\" loading=\"lazy\" srcset=\"https:\/\/centralpump.com.ar\/home\/wp-content\/uploads\/img-2.jpg 1600w, https:\/\/centralpump.com.ar\/home\/wp-content\/uploads\/img-2-300x119.jpg 300w, https:\/\/centralpump.com.ar\/home\/wp-content\/uploads\/img-2-1024x407.jpg 1024w, https:\/\/centralpump.com.ar\/home\/wp-content\/uploads\/img-2-768x305.jpg 768w, https:\/\/centralpump.com.ar\/home\/wp-content\/uploads\/img-2-1536x611.jpg 1536w\" sizes=\"(max-width: 1600px) 100vw, 1600px\" \/>\t\t\t\t\t\t\n\t\t\t\t\t<\/div>\n\t\t\t\t\t\t\t\t\n<style>\n#image_1237046287 {\n  width: 100%;\n}\n<\/style>\n\t<\/div>\n\t\n\n\n\t\t<\/div>\n\t\t\t\t\t<\/div>\n\n\t\n\n\t<div id=\"col-1778699064\" class=\"col medium-3 small-12 large-3\"  data-animate=\"bounceInUp\">\n\t\t\t\t<div class=\"col-inner\"  >\n\t\t\t\n\t\t\t\n\n\t<div class=\"img has-hover x md-x lg-x y md-y lg-y\" id=\"image_273631736\">\n\t\t\t\t\t\t\t\t<div class=\"img-inner image-cover dark\" style=\"padding-top:160px;\">\n\t\t\t<img width=\"1024\" height=\"683\" src=\"https:\/\/centralpump.com.ar\/home\/wp-content\/uploads\/img-3.jpg\" class=\"attachment-original size-original\" alt=\"\" decoding=\"async\" loading=\"lazy\" srcset=\"https:\/\/centralpump.com.ar\/home\/wp-content\/uploads\/img-3.jpg 1024w, https:\/\/centralpump.com.ar\/home\/wp-content\/uploads\/img-3-300x200.jpg 300w, https:\/\/centralpump.com.ar\/home\/wp-content\/uploads\/img-3-768x512.jpg 768w\" sizes=\"(max-width: 1024px) 100vw, 1024px\" \/>\t\t\t\t\t\t\n\t\t\t\t\t<\/div>\n\t\t\t\t\t\t\t\t\n<style>\n#image_273631736 {\n  width: 100%;\n}\n<\/style>\n\t<\/div>\n\t\n\n\n\t\t<\/div>\n\t\t\t\t\t<\/div>\n\n\t\n\n\t<div id=\"col-226022343\" class=\"col medium-3 small-12 large-3\"  data-animate=\"bounceInUp\">\n\t\t\t\t<div class=\"col-inner\"  >\n\t\t\t\n\t\t\t\n\n\t<div class=\"img has-hover x md-x lg-x y md-y lg-y\" id=\"image_498595852\">\n\t\t\t\t\t\t\t\t<div class=\"img-inner image-cover dark\" style=\"padding-top:160px;\">\n\t\t\t<img width=\"768\" height=\"513\" src=\"https:\/\/centralpump.com.ar\/home\/wp-content\/uploads\/img-4.jpg\" class=\"attachment-original size-original\" alt=\"\" decoding=\"async\" loading=\"lazy\" srcset=\"https:\/\/centralpump.com.ar\/home\/wp-content\/uploads\/img-4.jpg 768w, https:\/\/centralpump.com.ar\/home\/wp-content\/uploads\/img-4-300x200.jpg 300w\" sizes=\"(max-width: 768px) 100vw, 768px\" \/>\t\t\t\t\t\t\n\t\t\t\t\t<\/div>\n\t\t\t\t\t\t\t\t\n<style>\n#image_498595852 {\n  width: 100%;\n}\n<\/style>\n\t<\/div>\n\t\n\n\n\t\t<\/div>\n\t\t\t\t\t<\/div>\n\n\t\n\n\n<style>\n#row-834563290 > .col > .col-inner {\n  padding: 0px 0px 0px 0px;\n}\n<\/style>\n<\/div>\n\n\t\t<\/div>\n\t\t\t\t\n<style>\n#col-722293978 > .col-inner {\n  border-radius: 5px;\n}\n<\/style>\n\t<\/div>\n\n\t\n\n\n<style>\n#row-1834931790 > .col > .col-inner {\n  padding: 40px 40px 40px 40px;\n  background-color: rgb(255,255,255);\n}\n<\/style>\n<\/div>\n\n\t\t<\/div>\n\t\t\t\t\n<style>\n#col-1401384792 > .col-inner {\n  margin: -100px 0px 0px 0px;\n}\n<\/style>\n\t<\/div>\n\n\t\n\n<\/div>\n<div class=\"row\"  id=\"row-477702665\">\n\n\n\t<div id=\"col-1231441947\" class=\"col small-12 large-12\"  data-animate=\"bounceInUp\">\n\t\t\t\t<div class=\"col-inner text-center\"  >\n\t\t\t\n\t\t\t\n\n<div class=\"social-icons follow-icons\" style=\"font-size:115%\"><a href=\"mailto:centralpump@centralpump.com.ar\" data-label=\"E-mail\" rel=\"nofollow\" class=\"icon button circle is-outline  email tooltip\" title=\"Env\u00edanos un email\" aria-label=\"Env\u00edanos un email\"><i class=\"icon-envelop\" ><\/i><\/a><a href=\"tel:+54 9 11 5308-9829\" target=\"_blank\" data-label=\"Phone\" rel=\"noopener noreferrer nofollow\" class=\"icon button circle is-outline  phone tooltip\" title=\"Call us\" aria-label=\"Call us\"><i class=\"icon-phone\" ><\/i><\/a><\/div>\n\n\n\t\t<\/div>\n\t\t\t\t\t<\/div>\n\n\t\n\n<\/div>\n\n\t\t<\/div>\n\n\t\t\n<style>\n#section_1778966396 {\n  padding-top: 30px;\n  padding-bottom: 30px;\n  background-color: rgb(244, 244, 244);\n}\n<\/style>\n\t<\/section>\n\t\n\n","protected":false},"excerpt":{"rendered":"","protected":false},"author":1,"featured_media":0,"parent":0,"menu_order":0,"comment_status":"closed","ping_status":"closed","template":"page-blank.php","meta":{"_joinchat":[]},"_links":{"self":[{"href":"https:\/\/centralpump.com.ar\/home\/wp-json\/wp\/v2\/pages\/169"}],"collection":[{"href":"https:\/\/centralpump.com.ar\/home\/wp-json\/wp\/v2\/pages"}],"about":[{"href":"https:\/\/centralpump.com.ar\/home\/wp-json\/wp\/v2\/types\/page"}],"author":[{"embeddable":true,"href":"https:\/\/centralpump.com.ar\/home\/wp-json\/wp\/v2\/users\/1"}],"replies":[{"embeddable":true,"href":"https:\/\/centralpump.com.ar\/home\/wp-json\/wp\/v2\/comments?post=169"}],"version-history":[{"count":3,"href":"https:\/\/centralpump.com.ar\/home\/wp-json\/wp\/v2\/pages\/169\/revisions"}],"predecessor-version":[{"id":275,"href":"https:\/\/centralpump.com.ar\/home\/wp-json\/wp\/v2\/pages\/169\/revisions\/275"}],"wp:attachment":[{"href":"https:\/\/centralpump.com.ar\/home\/wp-json\/wp\/v2\/media?parent=169"}],"curies":[{"name":"wp","href":"https:\/\/api.w.org\/{rel}","templated":true}]}}