{"id":113,"date":"2023-02-22T14:46:19","date_gmt":"2023-02-22T14:46:19","guid":{"rendered":"https:\/\/centralpump.com.ar\/home\/?page_id=113"},"modified":"2023-03-07T19:05:01","modified_gmt":"2023-03-07T19:05:01","slug":"empresa","status":"publish","type":"page","link":"https:\/\/centralpump.com.ar\/home\/empresa\/","title":{"rendered":"Empresa"},"content":{"rendered":"\n\t<section class=\"section dark has-parallax\" id=\"section_535373719\">\n\t\t<div class=\"bg section-bg fill bg-fill  \" data-parallax-container=\".section\" data-parallax-background data-parallax=\"-6\">\n\n\t\t\t\n\t\t\t<div class=\"section-bg-overlay absolute fill\"><\/div>\n\t\t\t\n\n\t\t<\/div>\n\n\t\t<div class=\"section-content relative\">\n\t\t\t\n\n<div class=\"row\"  id=\"row-1235433749\">\n\n\n\t<div id=\"col-1860017863\" class=\"col small-12 large-12\"  data-animate=\"bounceInUp\">\n\t\t\t\t<div class=\"col-inner text-center\"  >\n\t\t\t\n\t\t\t\n\n<h2 style=\"font-size: 300%;\">Empresa<\/h2>\n<p><span style=\"font-size: 120%;\">Servicios industriales &#8211; Reparaci\u00f3n y mantenimiento de bombas.<\/span><\/p>\n\n\t\t<\/div>\n\t\t\t\t\n<style>\n#col-1860017863 > .col-inner {\n  padding: 20px 0px 0px 0px;\n}\n<\/style>\n\t<\/div>\n\n\t\n\n<\/div>\n\n\t\t<\/div>\n\n\t\t\n<style>\n#section_535373719 {\n  padding-top: 75px;\n  padding-bottom: 75px;\n  background-color: rgb(255,255,255);\n}\n#section_535373719 .section-bg-overlay {\n  background-color: rgba(0, 0, 0, 0.3);\n}\n#section_535373719 .section-bg.bg-loaded {\n  background-image: url(https:\/\/centralpump.com.ar\/home\/wp-content\/uploads\/Img-empresa.jpg);\n}\n#section_535373719 .section-bg {\n  background-position: 55% 100%;\n}\n@media (min-width:550px) {\n  #section_535373719 {\n    padding-top: 140px;\n    padding-bottom: 140px;\n  }\n}\n<\/style>\n\t<\/section>\n\t\n\t<section class=\"section\" id=\"section_610287682\">\n\t\t<div class=\"bg section-bg fill bg-fill  bg-loaded\" >\n\n\t\t\t\n\t\t\t\n\t\t\t\n\n\t\t<\/div>\n\n\t\t<div class=\"section-content relative\">\n\t\t\t\n\n<div class=\"row\"  id=\"row-196890956\">\n\n\n\t<div id=\"col-631409578\" class=\"col small-12 large-12\"  >\n\t\t\t\t<div class=\"col-inner\"  >\n\t\t\t\n\t\t\t\n\n<div class=\"row align-equal\"  id=\"row-369843795\">\n\n\n\t<div id=\"col-767342466\" class=\"col small-12 large-12\"  data-animate=\"bounceInUp\">\n\t\t\t\t<div class=\"col-inner text-center\"  >\n\t\t\t\n\t\t\t\n\n\t<div class=\"img has-hover x md-x lg-x y md-y lg-y\" id=\"image_1336526245\">\n\t\t\t\t\t\t\t\t<div class=\"img-inner dark\" >\n\t\t\t\t\t\t\t\t\t\n\t\t\t\t\t<\/div>\n\t\t\t\t\t\t\t\t\n<style>\n#image_1336526245 {\n  width: 100%;\n}\n@media (min-width:550px) {\n  #image_1336526245 {\n    width: 48%;\n  }\n}\n<\/style>\n\t<\/div>\n\t\n\n\t<div class=\"img has-hover x md-x lg-x y md-y lg-y\" id=\"image_1882064565\">\n\t\t\t\t\t\t\t\t<div class=\"img-inner dark\" >\n\t\t\t<img width=\"768\" height=\"196\" src=\"https:\/\/centralpump.com.ar\/home\/wp-content\/uploads\/Central-Pump-Logo.png\" class=\"attachment-large size-large\" alt=\"\" decoding=\"async\" loading=\"lazy\" srcset=\"https:\/\/centralpump.com.ar\/home\/wp-content\/uploads\/Central-Pump-Logo.png 768w, https:\/\/centralpump.com.ar\/home\/wp-content\/uploads\/Central-Pump-Logo-300x77.png 300w\" sizes=\"(max-width: 768px) 100vw, 768px\" \/>\t\t\t\t\t\t\n\t\t\t\t\t<\/div>\n\t\t\t\t\t\t\t\t\n<style>\n#image_1882064565 {\n  width: 100%;\n}\n@media (min-width:550px) {\n  #image_1882064565 {\n    width: 59%;\n  }\n}\n<\/style>\n\t<\/div>\n\t\n\n\t<div id=\"gap-1173984045\" class=\"gap-element clearfix\" style=\"display:block; height:auto;\">\n\t\t\n<style>\n#gap-1173984045 {\n  padding-top: 1em;\n}\n<\/style>\n\t<\/div>\n\t\n\n\t<div id=\"text-2478597911\" class=\"text\">\n\t\t\n\n<p style=\"text-align: left;\">Central Pump proporciona servicios y productos de la m\u00e1s alta calidad a sus clientes, mejorando al mismo tiempo costos y plazos de entrega. Nos especializamos en el \u00e1rea de sistemas de sellado (teniendo una amplia gama de sellos mec\u00e1nicos), equipos rotantes y juntas rotativas, sellos navales y planes de enfriamiento.<br \/><br \/>Desde su fundaci\u00f3n en 2007, Central Pump puso la mirada en el futuro y la innovaci\u00f3n; es por eso que hoy contamos con un departamento de ingenier\u00eda inversa. Dicho departamento est\u00e1 equipado con tecnolog\u00eda de punta en escaneo, dise\u00f1o, impresi\u00f3n y renderizaci\u00f3n de s\u00f3lidos 3D, adem\u00e1s de tener a su disposici\u00f3n personal altamente capacitado para resolver cualquier necesidad que surja en un proceso industrial.<\/p>\n\t\t\n<style>\n#text-2478597911 {\n  font-size: 0.9rem;\n}\n<\/style>\n\t<\/div>\n\t\n<p style=\"text-align: left;\"><strong>Representamos:<\/strong><\/p>\n<div class=\"row row-small\"  id=\"row-1416191084\">\n\n\n\t<div id=\"col-1576761753\" class=\"col medium-3 small-6 large-3\"  data-animate=\"bounceInUp\">\n\t\t\t\t<div class=\"col-inner text-left\"  >\n\t\t\t\n\t\t\t\n\n\t<div class=\"img has-hover x md-x lg-x y md-y lg-y\" id=\"image_1814150410\">\n\t\t\t\t\t\t\t\t<div class=\"img-inner dark\" >\n\t\t\t<img width=\"200\" height=\"145\" src=\"https:\/\/centralpump.com.ar\/home\/wp-content\/uploads\/Logo-flygt.png\" class=\"attachment-large size-large\" alt=\"\" decoding=\"async\" loading=\"lazy\" \/>\t\t\t\t\t\t\n\t\t\t\t\t<\/div>\n\t\t\t\t\t\t\t\t\n<style>\n#image_1814150410 {\n  width: 100%;\n}\n<\/style>\n\t<\/div>\n\t\n\n\n\t\t<\/div>\n\t\t\t\t\t<\/div>\n\n\t\n\n\t<div id=\"col-438553565\" class=\"col medium-3 small-6 large-3\"  data-animate=\"bounceInUp\">\n\t\t\t\t<div class=\"col-inner\"  >\n\t\t\t\n\t\t\t\n\n\t<div class=\"img has-hover x md-x lg-x y md-y lg-y\" id=\"image_1521247610\">\n\t\t\t\t\t\t\t\t<div class=\"img-inner dark\" >\n\t\t\t<img width=\"200\" height=\"145\" src=\"https:\/\/centralpump.com.ar\/home\/wp-content\/uploads\/Logo-Lowara.png\" class=\"attachment-large size-large\" alt=\"\" decoding=\"async\" loading=\"lazy\" \/>\t\t\t\t\t\t\n\t\t\t\t\t<\/div>\n\t\t\t\t\t\t\t\t\n<style>\n#image_1521247610 {\n  width: 100%;\n}\n<\/style>\n\t<\/div>\n\t\n\n\n\t\t<\/div>\n\t\t\t\t\t<\/div>\n\n\t\n\n\t<div id=\"col-1060091955\" class=\"col medium-3 small-6 large-3\"  data-animate=\"bounceInUp\">\n\t\t\t\t<div class=\"col-inner\"  >\n\t\t\t\n\t\t\t\n\n\t<div class=\"img has-hover x md-x lg-x y md-y lg-y\" id=\"image_1679122555\">\n\t\t\t\t\t\t\t\t<div class=\"img-inner dark\" >\n\t\t\t<img width=\"200\" height=\"145\" src=\"https:\/\/centralpump.com.ar\/home\/wp-content\/uploads\/Logo-Mec.png\" class=\"attachment-large size-large\" alt=\"\" decoding=\"async\" loading=\"lazy\" \/>\t\t\t\t\t\t\n\t\t\t\t\t<\/div>\n\t\t\t\t\t\t\t\t\n<style>\n#image_1679122555 {\n  width: 100%;\n}\n<\/style>\n\t<\/div>\n\t\n\n\n\t\t<\/div>\n\t\t\t\t\t<\/div>\n\n\t\n\n\t<div id=\"col-96300765\" class=\"col medium-3 small-6 large-3\"  data-animate=\"bounceInUp\">\n\t\t\t\t<div class=\"col-inner\"  >\n\t\t\t\n\t\t\t\n\n\t<div class=\"img has-hover x md-x lg-x y md-y lg-y\" id=\"image_166710734\">\n\t\t\t\t\t\t\t\t<div class=\"img-inner dark\" >\n\t\t\t<img width=\"200\" height=\"145\" src=\"https:\/\/centralpump.com.ar\/home\/wp-content\/uploads\/Logo-ksb.png\" class=\"attachment-large size-large\" alt=\"\" decoding=\"async\" loading=\"lazy\" \/>\t\t\t\t\t\t\n\t\t\t\t\t<\/div>\n\t\t\t\t\t\t\t\t\n<style>\n#image_166710734 {\n  width: 100%;\n}\n<\/style>\n\t<\/div>\n\t\n\n\n\t\t<\/div>\n\t\t\t\t\t<\/div>\n\n\t\n\n<\/div>\n\t<div id=\"gap-388535807\" class=\"gap-element clearfix\" style=\"display:block; height:auto;\">\n\t\t\n<style>\n#gap-388535807 {\n  padding-top: 1em;\n}\n<\/style>\n\t<\/div>\n\t\n\n<div class=\"row row-small row-full-width\"  id=\"row-198641132\">\n\n\n\t<div id=\"col-1260383089\" class=\"col medium-3 small-12 large-3\"  data-animate=\"bounceInUp\">\n\t\t\t\t<div class=\"col-inner\"  >\n\t\t\t\n\t\t\t\n\n\t<div class=\"img has-hover x md-x lg-x y md-y lg-y\" id=\"image_950560642\">\n\t\t\t\t\t\t\t\t<div class=\"img-inner image-cover dark\" style=\"padding-top:160px;\">\n\t\t\t<img width=\"960\" height=\"540\" src=\"https:\/\/centralpump.com.ar\/home\/wp-content\/uploads\/img-1.jpg\" class=\"attachment-original size-original\" alt=\"\" decoding=\"async\" loading=\"lazy\" srcset=\"https:\/\/centralpump.com.ar\/home\/wp-content\/uploads\/img-1.jpg 960w, https:\/\/centralpump.com.ar\/home\/wp-content\/uploads\/img-1-300x169.jpg 300w, https:\/\/centralpump.com.ar\/home\/wp-content\/uploads\/img-1-768x432.jpg 768w\" sizes=\"(max-width: 960px) 100vw, 960px\" \/>\t\t\t\t\t\t\n\t\t\t\t\t<\/div>\n\t\t\t\t\t\t\t\t\n<style>\n#image_950560642 {\n  width: 100%;\n}\n<\/style>\n\t<\/div>\n\t\n\n\n\t\t<\/div>\n\t\t\t\t\t<\/div>\n\n\t\n\n\t<div id=\"col-457416805\" class=\"col medium-3 small-12 large-3\"  data-animate=\"bounceInUp\">\n\t\t\t\t<div class=\"col-inner\"  >\n\t\t\t\n\t\t\t\n\n\t<div class=\"img has-hover x md-x lg-x y md-y lg-y\" id=\"image_5608372\">\n\t\t\t\t\t\t\t\t<div class=\"img-inner image-cover dark\" style=\"padding-top:160px;\">\n\t\t\t<img width=\"1600\" height=\"636\" src=\"https:\/\/centralpump.com.ar\/home\/wp-content\/uploads\/img-2.jpg\" class=\"attachment-original size-original\" alt=\"\" decoding=\"async\" loading=\"lazy\" srcset=\"https:\/\/centralpump.com.ar\/home\/wp-content\/uploads\/img-2.jpg 1600w, https:\/\/centralpump.com.ar\/home\/wp-content\/uploads\/img-2-300x119.jpg 300w, https:\/\/centralpump.com.ar\/home\/wp-content\/uploads\/img-2-1024x407.jpg 1024w, https:\/\/centralpump.com.ar\/home\/wp-content\/uploads\/img-2-768x305.jpg 768w, https:\/\/centralpump.com.ar\/home\/wp-content\/uploads\/img-2-1536x611.jpg 1536w\" sizes=\"(max-width: 1600px) 100vw, 1600px\" \/>\t\t\t\t\t\t\n\t\t\t\t\t<\/div>\n\t\t\t\t\t\t\t\t\n<style>\n#image_5608372 {\n  width: 100%;\n}\n<\/style>\n\t<\/div>\n\t\n\n\n\t\t<\/div>\n\t\t\t\t\t<\/div>\n\n\t\n\n\t<div id=\"col-467783087\" class=\"col medium-3 small-12 large-3\"  data-animate=\"bounceInUp\">\n\t\t\t\t<div class=\"col-inner\"  >\n\t\t\t\n\t\t\t\n\n\t<div class=\"img has-hover x md-x lg-x y md-y lg-y\" id=\"image_1043606563\">\n\t\t\t\t\t\t\t\t<div class=\"img-inner image-cover dark\" style=\"padding-top:160px;\">\n\t\t\t<img width=\"1024\" height=\"683\" src=\"https:\/\/centralpump.com.ar\/home\/wp-content\/uploads\/img-3.jpg\" class=\"attachment-original size-original\" alt=\"\" decoding=\"async\" loading=\"lazy\" srcset=\"https:\/\/centralpump.com.ar\/home\/wp-content\/uploads\/img-3.jpg 1024w, https:\/\/centralpump.com.ar\/home\/wp-content\/uploads\/img-3-300x200.jpg 300w, https:\/\/centralpump.com.ar\/home\/wp-content\/uploads\/img-3-768x512.jpg 768w\" sizes=\"(max-width: 1024px) 100vw, 1024px\" \/>\t\t\t\t\t\t\n\t\t\t\t\t<\/div>\n\t\t\t\t\t\t\t\t\n<style>\n#image_1043606563 {\n  width: 100%;\n}\n<\/style>\n\t<\/div>\n\t\n\n\n\t\t<\/div>\n\t\t\t\t\t<\/div>\n\n\t\n\n\t<div id=\"col-679069220\" class=\"col medium-3 small-12 large-3\"  data-animate=\"bounceInUp\">\n\t\t\t\t<div class=\"col-inner\"  >\n\t\t\t\n\t\t\t\n\n\t<div class=\"img has-hover x md-x lg-x y md-y lg-y\" id=\"image_997895486\">\n\t\t\t\t\t\t\t\t<div class=\"img-inner image-cover dark\" style=\"padding-top:160px;\">\n\t\t\t<img width=\"768\" height=\"513\" src=\"https:\/\/centralpump.com.ar\/home\/wp-content\/uploads\/img-4.jpg\" class=\"attachment-original size-original\" alt=\"\" decoding=\"async\" loading=\"lazy\" srcset=\"https:\/\/centralpump.com.ar\/home\/wp-content\/uploads\/img-4.jpg 768w, https:\/\/centralpump.com.ar\/home\/wp-content\/uploads\/img-4-300x200.jpg 300w\" sizes=\"(max-width: 768px) 100vw, 768px\" \/>\t\t\t\t\t\t\n\t\t\t\t\t<\/div>\n\t\t\t\t\t\t\t\t\n<style>\n#image_997895486 {\n  width: 100%;\n}\n<\/style>\n\t<\/div>\n\t\n\n\n\t\t<\/div>\n\t\t\t\t\t<\/div>\n\n\t\n\n\n<style>\n#row-198641132 > .col > .col-inner {\n  padding: 0px 0px 0px 0px;\n}\n<\/style>\n<\/div>\n\n\t\t<\/div>\n\t\t\t\t\n<style>\n#col-767342466 > .col-inner {\n  border-radius: 5px;\n}\n<\/style>\n\t<\/div>\n\n\t\n\n\n<style>\n#row-369843795 > .col > .col-inner {\n  padding: 40px 40px 40px 40px;\n  background-color: rgb(255,255,255);\n}\n<\/style>\n<\/div>\n\n\t\t<\/div>\n\t\t\t\t\n<style>\n#col-631409578 > .col-inner {\n  margin: -100px 0px 0px 0px;\n}\n<\/style>\n\t<\/div>\n\n\t\n\n<\/div>\n<div class=\"row\"  id=\"row-2055725289\">\n\n\n\t<div id=\"col-1588012964\" class=\"col small-12 large-12\"  data-animate=\"bounceInUp\">\n\t\t\t\t<div class=\"col-inner text-center\"  >\n\t\t\t\n\t\t\t\n\n<div class=\"social-icons follow-icons\" style=\"font-size:115%\"><a href=\"mailto:centralpump@centralpump.com.ar\" data-label=\"E-mail\" rel=\"nofollow\" class=\"icon button circle is-outline  email tooltip\" title=\"Env\u00edanos un email\" aria-label=\"Env\u00edanos un email\"><i class=\"icon-envelop\" ><\/i><\/a><a href=\"tel:+54 9 11 5308-9829\" target=\"_blank\" data-label=\"Phone\" rel=\"noopener noreferrer nofollow\" class=\"icon button circle is-outline  phone tooltip\" title=\"Call us\" aria-label=\"Call us\"><i class=\"icon-phone\" ><\/i><\/a><\/div>\n\n\n\t\t<\/div>\n\t\t\t\t\t<\/div>\n\n\t\n\n<\/div>\n\n\t\t<\/div>\n\n\t\t\n<style>\n#section_610287682 {\n  padding-top: 30px;\n  padding-bottom: 30px;\n  background-color: rgb(244, 244, 244);\n}\n<\/style>\n\t<\/section>\n\t\n\n","protected":false},"excerpt":{"rendered":"","protected":false},"author":1,"featured_media":0,"parent":0,"menu_order":0,"comment_status":"closed","ping_status":"closed","template":"page-blank.php","meta":{"_joinchat":[]},"_links":{"self":[{"href":"https:\/\/centralpump.com.ar\/home\/wp-json\/wp\/v2\/pages\/113"}],"collection":[{"href":"https:\/\/centralpump.com.ar\/home\/wp-json\/wp\/v2\/pages"}],"about":[{"href":"https:\/\/centralpump.com.ar\/home\/wp-json\/wp\/v2\/types\/page"}],"author":[{"embeddable":true,"href":"https:\/\/centralpump.com.ar\/home\/wp-json\/wp\/v2\/users\/1"}],"replies":[{"embeddable":true,"href":"https:\/\/centralpump.com.ar\/home\/wp-json\/wp\/v2\/comments?post=113"}],"version-history":[{"count":16,"href":"https:\/\/centralpump.com.ar\/home\/wp-json\/wp\/v2\/pages\/113\/revisions"}],"predecessor-version":[{"id":272,"href":"https:\/\/centralpump.com.ar\/home\/wp-json\/wp\/v2\/pages\/113\/revisions\/272"}],"wp:attachment":[{"href":"https:\/\/centralpump.com.ar\/home\/wp-json\/wp\/v2\/media?parent=113"}],"curies":[{"name":"wp","href":"https:\/\/api.w.org\/{rel}","templated":true}]}}